{"id":21057,"date":"2014-09-26T17:23:42","date_gmt":"2014-09-26T17:23:42","guid":{"rendered":"http:\/\/192.168.1.104\/enfold-photography\/?page_id=23"},"modified":"2020-12-09T23:28:58","modified_gmt":"2020-12-09T22:28:58","slug":"contact","status":"publish","type":"page","link":"https:\/\/www.eliskases.at\/?page_id=21057","title":{"rendered":"Contact"},"content":{"rendered":"\n<div id='av-layout-grid-1'  class='av-layout-grid-container entry-content-wrapper main_color av-flex-cells     avia-builder-el-1  el_after_av_google_map  avia-builder-el-last  submenu-not-first container_wrap fullsize' style=' '  >\n<div class=\"flex_cell no_margin av_one_half  avia-builder-el-2  el_before_av_cell_one_half  avia-builder-el-first   \"  style='vertical-align:top; padding:30px; ' ><div class='flex_cell_inner' ><p><div  style='padding-bottom:10px; ' class='av-special-heading av-special-heading-h3    avia-builder-el-3  el_before_av_contact  avia-builder-el-first  '><h3 class='av-special-heading-tag '  itemprop=\"headline\"  >Kontakt<\/h3><div class='special-heading-border'><div class='special-heading-inner-border' ><\/div><\/div><\/div><br \/>\n<form action=\"https:\/\/www.eliskases.at\/?page_id=21057\" method=\"post\"  class=\"avia_ajax_form av-form-labels-visible   avia-builder-el-4  el_after_av_heading  avia-builder-el-last   \" data-avia-form-id=\"1\" data-avia-redirect='' ><fieldset><p class='  first_form  form_element form_element_half' id='element_avia_1_1'><label for=\"avia_1_1\">Name <abbr class=\"required\" title=\"ben\u00f6tigt\">*<\/abbr><\/label> <input name=\"avia_1_1\" class=\"text_input is_empty\" type=\"text\" id=\"avia_1_1\" value=\"\" \/><\/p><p class='  form_element form_element_half' id='element_avia_2_1'><label for=\"avia_2_1\">E-Mail <abbr class=\"required\" title=\"ben\u00f6tigt\">*<\/abbr><\/label> <input name=\"avia_2_1\" class=\"text_input is_email\" type=\"text\" id=\"avia_2_1\" value=\"\" \/><\/p><p class='  first_form  form_element form_fullwidth' id='element_avia_3_1'><label for=\"avia_3_1\">Betreff <abbr class=\"required\" title=\"ben\u00f6tigt\">*<\/abbr><\/label> <input name=\"avia_3_1\" class=\"text_input is_empty\" type=\"text\" id=\"avia_3_1\" value=\"\" \/><\/p><p class='  first_form  form_element form_fullwidth av-last-visible-form-element' id='element_avia_4_1'><label for=\"avia_4_1\" class=\"textare_label hidden textare_label_avia_4_1\">Nachricht <abbr class=\"required\" title=\"ben\u00f6tigt\">*<\/abbr><\/label><textarea  name=\"avia_4_1\" class=\"text_area is_empty\" cols=\"40\" rows=\"7\" id=\"avia_4_1\" ><\/textarea><\/p><p class=\"hidden\"><input type=\"text\" name=\"avia_5_1\" class=\"hidden \" id=\"avia_5_1\" value=\"\" \/><\/p><p class=\"form_element \"><input type=\"hidden\" value=\"1\" name=\"avia_generated_form1\" \/><input type=\"submit\" value=\"Submit\" class=\"button\"  data-sending-label=\"Sende\"\/><\/p><\/fieldset><\/form><div id=\"ajaxresponse_1\" class=\"ajaxresponse ajaxresponse_1 hidden\"><\/div><\/p>\n<\/div><\/div><div class=\"flex_cell no_margin av_one_half  avia-builder-el-5  el_after_av_cell_one_half  avia-builder-el-last   \"  style='vertical-align:top; padding:30px; ' ><div class='flex_cell_inner' ><p><div  style='padding-bottom:10px; ' class='av-special-heading av-special-heading-h3    avia-builder-el-6  el_before_av_textblock  avia-builder-el-first  '><h3 class='av-special-heading-tag '  itemprop=\"headline\"  >Details<\/h3><div class='special-heading-border'><div class='special-heading-inner-border' ><\/div><\/div><\/div><br \/>\n<section class=\"av_textblock_section \"  itemscope=\"itemscope\" itemtype=\"https:\/\/schema.org\/CreativeWork\" ><div class='avia_textblock  '   itemprop=\"text\" ><p><strong>Armin Eliskases<br \/>\nE-Mail:<\/strong> info@eliskases.at<br \/>\n<strong>Address:<\/strong> Maurerweg 8a, 4202 &#8211; Kirchschlag bei Linz \/ Austria<\/p>\n<\/div><\/section><br \/>\n<div  style='padding-bottom:10px; ' class='av-special-heading av-special-heading-h3    avia-builder-el-8  el_after_av_textblock  el_before_av_textblock  '><h3 class='av-special-heading-tag '  itemprop=\"headline\"  >Information<\/h3><div class='special-heading-border'><div class='special-heading-inner-border' ><\/div><\/div><\/div><br \/>\n<section class=\"av_textblock_section \"  itemscope=\"itemscope\" itemtype=\"https:\/\/schema.org\/CreativeWork\" ><div class='avia_textblock  '   itemprop=\"text\" ><p><strong>Copyright<\/strong><br \/>\nDie Angaben auf dieser Seite d\u00fcrfen nur nach vorheriger schriftlicher Einwilligung von Armin Eliskases vervielf\u00e4ltigt werden.<\/p>\n<p><strong>Haftungsausschluss<\/strong><br \/>\nDer gesamte Inhalt dieser Homepage von Armin Eliskases dient nur der allgemeinen Information. Ausdr\u00fccklich weisen wir darauf hin, dass wir keinerlei Haftung f\u00fcr externe Links und deren Inhalte \u00fcbernehmen.<\/p>\n<p><strong>Datenschutz<br \/>\n<\/strong>Der Schutz Ihrer pers\u00f6nlichen Daten ist uns ein besonderes Anliegen. Wir verarbeiten Ihre Daten daher ausschlie\u00dflich auf Grundlage der gesetzlichen Bestimmungen (DSGVO, TKG 2003).<br \/>\nIn dieser Datenschutzinformation informieren wir Sie \u00fcber die wichtigsten Aspekte der Datenverarbeitung im Rahmen unserer Website.<\/p>\n<p><strong>Kontakt mit uns<\/strong><br \/>\nWenn Sie per Formular auf der Website oder per E-Mail Kontakt mit uns aufnehmen, werden Ihre angegebenen Daten zwecks Bearbeitung der Anfrage und f\u00fcr den Fall von Anschlussfragen maximal drei Jahre bei uns gespeichert. Diese Daten geben wir nicht ohne Ihrer Einwilligung weiter.<\/p>\n<\/div><\/section><\/p>\n<\/div><\/div><\/div>\n","protected":false},"excerpt":{"rendered":"","protected":false},"author":1,"featured_media":0,"parent":0,"menu_order":0,"comment_status":"open","ping_status":"open","template":"","meta":{"_acf_changed":false,"ngg_post_thumbnail":0,"footnotes":""},"acf":[],"_links":{"self":[{"href":"https:\/\/www.eliskases.at\/index.php?rest_route=\/wp\/v2\/pages\/21057"}],"collection":[{"href":"https:\/\/www.eliskases.at\/index.php?rest_route=\/wp\/v2\/pages"}],"about":[{"href":"https:\/\/www.eliskases.at\/index.php?rest_route=\/wp\/v2\/types\/page"}],"author":[{"embeddable":true,"href":"https:\/\/www.eliskases.at\/index.php?rest_route=\/wp\/v2\/users\/1"}],"replies":[{"embeddable":true,"href":"https:\/\/www.eliskases.at\/index.php?rest_route=%2Fwp%2Fv2%2Fcomments&post=21057"}],"version-history":[{"count":3,"href":"https:\/\/www.eliskases.at\/index.php?rest_route=\/wp\/v2\/pages\/21057\/revisions"}],"predecessor-version":[{"id":21211,"href":"https:\/\/www.eliskases.at\/index.php?rest_route=\/wp\/v2\/pages\/21057\/revisions\/21211"}],"wp:attachment":[{"href":"https:\/\/www.eliskases.at\/index.php?rest_route=%2Fwp%2Fv2%2Fmedia&parent=21057"}],"curies":[{"name":"wp","href":"https:\/\/api.w.org\/{rel}","templated":true}]}}